{"id":416,"date":"2026-02-10T14:16:45","date_gmt":"2026-02-10T13:16:45","guid":{"rendered":"https:\/\/www.melicom-group.com\/?page_id=416"},"modified":"2026-02-27T07:36:36","modified_gmt":"2026-02-27T06:36:36","slug":"kozerdeku-documents","status":"publish","type":"page","link":"https:\/\/www.melicom-group.com\/en\/kozerdeku-dokumentumok\/","title":{"rendered":"Documents of public interest"},"content":{"rendered":"<div data-elementor-type=\"wp-page\" data-elementor-id=\"416\" class=\"elementor elementor-416\" data-elementor-post-type=\"page\">\n\t\t\t\t<div class=\"elementor-element elementor-element-d0b6196 e-flex e-con-boxed e-con e-parent\" data-id=\"d0b6196\" data-element_type=\"container\" data-e-type=\"container\" data-settings=\"{&quot;background_background&quot;:&quot;classic&quot;}\">\n\t\t\t\t\t<div class=\"e-con-inner\">\n\t\t\t\t<div class=\"elementor-element elementor-element-3fc8733 elementor-widget elementor-widget-heading\" data-id=\"3fc8733\" data-element_type=\"widget\" data-e-type=\"widget\" data-widget_type=\"heading.default\">\n\t\t\t\t\t<h2 class=\"elementor-heading-title elementor-size-default\">Documents of public interest<\/h2>\t\t\t\t<\/div>\n\t\t\t\t\t<\/div>\n\t\t\t\t<\/div>\n\t\t<div class=\"elementor-element elementor-element-26b0b2e e-flex e-con-boxed e-con e-parent\" data-id=\"26b0b2e\" data-element_type=\"container\" data-e-type=\"container\">\n\t\t\t\t\t<div class=\"e-con-inner\">\n\t\t<div class=\"elementor-element elementor-element-b2e8af1 e-con-full e-flex e-con e-child\" data-id=\"b2e8af1\" data-element_type=\"container\" data-e-type=\"container\">\n\t\t\t\t<div class=\"elementor-element elementor-element-c86c25a elementor-widget elementor-widget-heading\" data-id=\"c86c25a\" data-element_type=\"widget\" data-e-type=\"widget\" data-widget_type=\"heading.default\">\n\t\t\t\t\t<h2 class=\"elementor-heading-title elementor-size-default\"><a href=\"https:\/\/www.melicom-group.com\/wp-content\/uploads\/2026\/02\/Adatkezelesi.docx.pdf\" target=\"_blank\">Privacy policy<\/a><\/h2>\t\t\t\t<\/div>\n\t\t\t\t<div class=\"elementor-element elementor-element-a04f83d elementor-widget elementor-widget-heading\" data-id=\"a04f83d\" data-element_type=\"widget\" data-e-type=\"widget\" data-widget_type=\"heading.default\">\n\t\t\t\t\t<h2 class=\"elementor-heading-title elementor-size-default\"><a href=\"https:\/\/www.melicom-group.com\/wp-content\/uploads\/2026\/02\/Melicom_Hungary_Kft_Impresszum.docx.pdf\" target=\"_blank\">masthead<\/a><\/h2>\t\t\t\t<\/div>\n\t\t\t\t<div class=\"elementor-element elementor-element-199e721 elementor-widget elementor-widget-heading\" data-id=\"199e721\" data-element_type=\"widget\" data-e-type=\"widget\" data-widget_type=\"heading.default\">\n\t\t\t\t\t<h2 class=\"elementor-heading-title elementor-size-default\"><a href=\"https:\/\/www.melicom-group.com\/wp-content\/uploads\/2026\/02\/Belso-Panaszkezeles.pdf\" target=\"_blank\">Internal complaints handling policy<\/a><\/h2>\t\t\t\t<\/div>\n\t\t\t\t<div class=\"elementor-element elementor-element-f23cf9d elementor-widget elementor-widget-heading\" data-id=\"f23cf9d\" data-element_type=\"widget\" data-e-type=\"widget\" data-widget_type=\"heading.default\">\n\t\t\t\t\t<h2 class=\"elementor-heading-title elementor-size-default\"><a href=\"https:\/\/www.melicom-group.com\/wp-content\/uploads\/2026\/02\/Emberi_jogi_es_munkakorulmenyek_politika_Melicom-1.pdf\" target=\"_blank\">Human rights and working conditions policy<\/a><\/h2>\t\t\t\t<\/div>\n\t\t\t\t<div class=\"elementor-element elementor-element-31f2d39 elementor-widget elementor-widget-heading\" data-id=\"31f2d39\" data-element_type=\"widget\" data-e-type=\"widget\" data-widget_type=\"heading.default\">\n\t\t\t\t\t<h2 class=\"elementor-heading-title elementor-size-default\"><a href=\"https:\/\/www.melicom-group.com\/wp-content\/uploads\/2026\/02\/pdf24_merged-3.pdf\" target=\"_blank\">Letters of recommendation<\/a><\/h2>\t\t\t\t<\/div>\n\t\t\t\t<\/div>\n\t\t\t\t\t<\/div>\n\t\t\t\t<\/div>\n\t\t\t\t<\/div>","protected":false},"excerpt":{"rendered":"<p>K\u00f6z\u00e9rdek\u0171 dokumentumok Adatkezel\u00e9si szab\u00e1lyzat Impresszum Bels\u0151 panaszkezel\u00e9si szab\u00e1lyzat Emberi jogi \u00e9s munkak\u00f6r\u00fclm\u00e9nyekre vonatkoz\u00f3 politika Aj\u00e1nl\u00f3levelek<\/p>","protected":false},"author":2,"featured_media":0,"parent":0,"menu_order":0,"comment_status":"closed","ping_status":"closed","template":"elementor_header_footer","meta":{"footnotes":""},"class_list":["post-416","page","type-page","status-publish","hentry"],"_links":{"self":[{"href":"https:\/\/www.melicom-group.com\/en\/wp-json\/wp\/v2\/pages\/416","targetHints":{"allow":["GET"]}}],"collection":[{"href":"https:\/\/www.melicom-group.com\/en\/wp-json\/wp\/v2\/pages"}],"about":[{"href":"https:\/\/www.melicom-group.com\/en\/wp-json\/wp\/v2\/types\/page"}],"author":[{"embeddable":true,"href":"https:\/\/www.melicom-group.com\/en\/wp-json\/wp\/v2\/users\/2"}],"replies":[{"embeddable":true,"href":"https:\/\/www.melicom-group.com\/en\/wp-json\/wp\/v2\/comments?post=416"}],"version-history":[{"count":14,"href":"https:\/\/www.melicom-group.com\/en\/wp-json\/wp\/v2\/pages\/416\/revisions"}],"predecessor-version":[{"id":691,"href":"https:\/\/www.melicom-group.com\/en\/wp-json\/wp\/v2\/pages\/416\/revisions\/691"}],"wp:attachment":[{"href":"https:\/\/www.melicom-group.com\/en\/wp-json\/wp\/v2\/media?parent=416"}],"curies":[{"name":"wp","href":"https:\/\/api.w.org\/{rel}","templated":true}]}}