{"id":111,"date":"2026-01-26T18:28:42","date_gmt":"2026-01-26T17:28:42","guid":{"rendered":"https:\/\/www.melicom-group.com\/?page_id=111"},"modified":"2026-01-26T18:39:20","modified_gmt":"2026-01-26T17:39:20","slug":"working-hours","status":"publish","type":"page","link":"https:\/\/www.melicom-group.com\/en\/munkakorok\/","title":{"rendered":"Jobs"},"content":{"rendered":"<div data-elementor-type=\"wp-page\" data-elementor-id=\"111\" class=\"elementor elementor-111\" data-elementor-post-type=\"page\">\n\t\t\t\t<div class=\"elementor-element elementor-element-0fce821 e-flex e-con-boxed e-con e-parent\" data-id=\"0fce821\" data-element_type=\"container\" data-e-type=\"container\" data-settings=\"{&quot;background_background&quot;:&quot;classic&quot;}\">\n\t\t\t\t\t<div class=\"e-con-inner\">\n\t\t\t\t<div class=\"elementor-element elementor-element-16eb3ea elementor-widget elementor-widget-heading\" data-id=\"16eb3ea\" data-element_type=\"widget\" data-e-type=\"widget\" data-widget_type=\"heading.default\">\n\t\t\t\t\t<h2 class=\"elementor-heading-title elementor-size-default\">Jobs<\/h2>\t\t\t\t<\/div>\n\t\t\t\t<div class=\"elementor-element elementor-element-9a795d0 elementor-widget elementor-widget-text-editor\" data-id=\"9a795d0\" data-element_type=\"widget\" data-e-type=\"widget\" data-widget_type=\"text-editor.default\">\n\t\t\t\t\t\t\t\t\t<p>Broad labour supply in different sectors<\/p>\t\t\t\t\t\t\t\t<\/div>\n\t\t\t\t\t<\/div>\n\t\t\t\t<\/div>\n\t\t<div class=\"elementor-element elementor-element-7e2a5f5 e-flex e-con-boxed e-con e-parent\" data-id=\"7e2a5f5\" data-element_type=\"container\" data-e-type=\"container\">\n\t\t\t\t\t<div class=\"e-con-inner\">\n\t\t<div class=\"elementor-element elementor-element-c389d7b e-con-full e-flex e-con e-child\" data-id=\"c389d7b\" data-element_type=\"container\" data-e-type=\"container\">\n\t\t<div class=\"elementor-element elementor-element-2524bf1 e-con-full e-flex e-con e-child\" data-id=\"2524bf1\" data-element_type=\"container\" data-e-type=\"container\">\n\t\t\t\t<div class=\"elementor-element elementor-element-5d8539f elementor-widget elementor-widget-image\" data-id=\"5d8539f\" data-element_type=\"widget\" data-e-type=\"widget\" data-widget_type=\"image.default\">\n\t\t\t\t\t\t\t\t\t\t\t\t\t\t\t<img fetchpriority=\"high\" decoding=\"async\" width=\"1536\" height=\"1024\" src=\"https:\/\/www.melicom-group.com\/wp-content\/uploads\/2026\/01\/ChatGPT-Image-2026.-jan.-26.-18_05_25.png\" class=\"attachment-full size-full wp-image-102\" alt=\"\" srcset=\"https:\/\/www.melicom-group.com\/wp-content\/uploads\/2026\/01\/ChatGPT-Image-2026.-jan.-26.-18_05_25.png 1536w, https:\/\/www.melicom-group.com\/wp-content\/uploads\/2026\/01\/ChatGPT-Image-2026.-jan.-26.-18_05_25-300x200.png 300w, https:\/\/www.melicom-group.com\/wp-content\/uploads\/2026\/01\/ChatGPT-Image-2026.-jan.-26.-18_05_25-1024x683.png 1024w, https:\/\/www.melicom-group.com\/wp-content\/uploads\/2026\/01\/ChatGPT-Image-2026.-jan.-26.-18_05_25-768x512.png 768w\" sizes=\"(max-width: 1536px) 100vw, 1536px\" \/>\t\t\t\t\t\t\t\t\t\t\t\t\t\t\t<\/div>\n\t\t\t\t<\/div>\n\t\t<div class=\"elementor-element elementor-element-2fd702e e-con-full e-flex e-con e-child\" data-id=\"2fd702e\" data-element_type=\"container\" data-e-type=\"container\">\n\t\t\t\t<div class=\"elementor-element elementor-element-20e553b elementor-view-default elementor-position-block-start elementor-mobile-position-block-start elementor-widget elementor-widget-icon-box\" data-id=\"20e553b\" data-element_type=\"widget\" data-e-type=\"widget\" data-widget_type=\"icon-box.default\">\n\t\t\t\t\t\t\t<div class=\"elementor-icon-box-wrapper\">\n\n\t\t\t\t\t\t<div class=\"elementor-icon-box-icon\">\n\t\t\t\t<span  class=\"elementor-icon\">\n\t\t\t\t<svg aria-hidden=\"true\" class=\"e-font-icon-svg e-fas-industry\" viewbox=\"0 0 512 512\" xmlns=\"http:\/\/www.w3.org\/2000\/svg\"><path d=\"M475.115 163.781L336 252.309v-68.28c0-18.916-20.931-30.399-36.885-20.248L160 252.309V56c0-13.255-10.745-24-24-24H24C10.745 32 0 42.745 0 56v400c0 13.255 10.745 24 24 24h464c13.255 0 24-10.745 24-24V184.029c0-18.917-20.931-30.399-36.885-20.248z\"><\/path><\/svg>\t\t\t\t<\/span>\n\t\t\t<\/div>\n\t\t\t\n\t\t\t\t\t\t<div class=\"elementor-icon-box-content\">\n\n\t\t\t\t\t\t\t\t\t<h3 class=\"elementor-icon-box-title\">\n\t\t\t\t\t\t<span  >\n\t\t\t\t\t\t\tIndustrial jobs\t\t\t\t\t\t<\/span>\n\t\t\t\t\t<\/h3>\n\t\t\t\t\n\t\t\t\t\t\t\t\t\t<p class=\"elementor-icon-box-description\">\n\t\t\t\t\t\tFactory Operator, Machine Operator, Trained Worker, Helper, Warehouse Worker, Cleaner, Maintenance Worker\t\t\t\t\t<\/p>\n\t\t\t\t\n\t\t\t<\/div>\n\t\t\t\n\t\t<\/div>\n\t\t\t\t\t\t<\/div>\n\t\t\t\t<div class=\"elementor-element elementor-element-7cd381d elementor-widget elementor-widget-button\" data-id=\"7cd381d\" data-element_type=\"widget\" data-e-type=\"widget\" data-widget_type=\"button.default\">\n\t\t\t\t\t\t\t\t\t\t<a class=\"elementor-button elementor-button-link elementor-size-sm\" href=\"#\">\n\t\t\t\t\t\t<span class=\"elementor-button-content-wrapper\">\n\t\t\t\t\t\t\t\t\t<span class=\"elementor-button-text\">Details<\/span>\n\t\t\t\t\t<\/span>\n\t\t\t\t\t<\/a>\n\t\t\t\t\t\t\t\t<\/div>\n\t\t\t\t<\/div>\n\t\t\t\t<\/div>\n\t\t<div class=\"elementor-element elementor-element-78c5614 e-con-full e-flex e-con e-child\" data-id=\"78c5614\" data-element_type=\"container\" data-e-type=\"container\">\n\t\t<div class=\"elementor-element elementor-element-beb1003 e-con-full e-flex e-con e-child\" data-id=\"beb1003\" data-element_type=\"container\" data-e-type=\"container\">\n\t\t\t\t<div class=\"elementor-element elementor-element-7f4c6d7 elementor-widget elementor-widget-image\" data-id=\"7f4c6d7\" data-element_type=\"widget\" data-e-type=\"widget\" data-widget_type=\"image.default\">\n\t\t\t\t\t\t\t\t\t\t\t\t\t\t\t<img decoding=\"async\" width=\"2560\" height=\"1707\" src=\"https:\/\/www.melicom-group.com\/wp-content\/uploads\/2026\/01\/photo-1541888946425-d81bb19240f5-scaled.jpg\" class=\"attachment-full size-full wp-image-85\" alt=\"\" srcset=\"https:\/\/www.melicom-group.com\/wp-content\/uploads\/2026\/01\/photo-1541888946425-d81bb19240f5-scaled.jpg 2560w, https:\/\/www.melicom-group.com\/wp-content\/uploads\/2026\/01\/photo-1541888946425-d81bb19240f5-300x200.jpg 300w, https:\/\/www.melicom-group.com\/wp-content\/uploads\/2026\/01\/photo-1541888946425-d81bb19240f5-1024x683.jpg 1024w, https:\/\/www.melicom-group.com\/wp-content\/uploads\/2026\/01\/photo-1541888946425-d81bb19240f5-768x512.jpg 768w, https:\/\/www.melicom-group.com\/wp-content\/uploads\/2026\/01\/photo-1541888946425-d81bb19240f5-1536x1024.jpg 1536w, https:\/\/www.melicom-group.com\/wp-content\/uploads\/2026\/01\/photo-1541888946425-d81bb19240f5-2048x1365.jpg 2048w\" sizes=\"(max-width: 2560px) 100vw, 2560px\" \/>\t\t\t\t\t\t\t\t\t\t\t\t\t\t\t<\/div>\n\t\t\t\t<\/div>\n\t\t<div class=\"elementor-element elementor-element-10f493a e-con-full e-flex e-con e-child\" data-id=\"10f493a\" data-element_type=\"container\" data-e-type=\"container\">\n\t\t\t\t<div class=\"elementor-element elementor-element-328d7e7 elementor-view-default elementor-position-block-start elementor-mobile-position-block-start elementor-widget elementor-widget-icon-box\" data-id=\"328d7e7\" data-element_type=\"widget\" data-e-type=\"widget\" data-widget_type=\"icon-box.default\">\n\t\t\t\t\t\t\t<div class=\"elementor-icon-box-wrapper\">\n\n\t\t\t\t\t\t<div class=\"elementor-icon-box-icon\">\n\t\t\t\t<span  class=\"elementor-icon\">\n\t\t\t\t<svg aria-hidden=\"true\" class=\"e-font-icon-svg e-fas-hammer\" viewbox=\"0 0 576 512\" xmlns=\"http:\/\/www.w3.org\/2000\/svg\"><path d=\"M571.31 193.94l-22.63-22.63c-6.25-6.25-16.38-6.25-22.63 0l-11.31 11.31-28.9-28.9c5.63-21.31.36-44.9-16.35-61.61l-45.25-45.25c-62.48-62.48-163.79-62.48-226.28 0l90.51 45.25v18.75c0 16.97 6.74 33.25 18.75 45.25l49.14 49.14c16.71 16.71 40.3 21.98 61.61 16.35l28.9 28.9-11.31 11.31c-6.25 6.25-6.25 16.38 0 22.63l22.63 22.63c6.25 6.25 16.38 6.25 22.63 0l90.51-90.51c6.23-6.24 6.23-16.37-.02-22.62zm-286.72-15.2c-3.7-3.7-6.84-7.79-9.85-11.95L19.64 404.96c-25.57 23.88-26.26 64.19-1.53 88.93s65.05 24.05 88.93-1.53l238.13-255.07c-3.96-2.91-7.9-5.87-11.44-9.41l-49.14-49.14z\"><\/path><\/svg>\t\t\t\t<\/span>\n\t\t\t<\/div>\n\t\t\t\n\t\t\t\t\t\t<div class=\"elementor-icon-box-content\">\n\n\t\t\t\t\t\t\t\t\t<h3 class=\"elementor-icon-box-title\">\n\t\t\t\t\t\t<span  >\n\t\t\t\t\t\t\tConstruction jobs\t\t\t\t\t\t<\/span>\n\t\t\t\t\t<\/h3>\n\t\t\t\t\n\t\t\t\t\t\t\t\t\t<p class=\"elementor-icon-box-description\">\n\t\t\t\t\t\tConstruction worker, Mason, Bricklayer, Painter, Crane handler, Plumber, Plumber, Plumber, Concrete element installer, Ironworker\t\t\t\t\t<\/p>\n\t\t\t\t\n\t\t\t<\/div>\n\t\t\t\n\t\t<\/div>\n\t\t\t\t\t\t<\/div>\n\t\t\t\t<div class=\"elementor-element elementor-element-11188a4 elementor-widget elementor-widget-button\" data-id=\"11188a4\" data-element_type=\"widget\" data-e-type=\"widget\" data-widget_type=\"button.default\">\n\t\t\t\t\t\t\t\t\t\t<a class=\"elementor-button elementor-button-link elementor-size-sm\" href=\"#\">\n\t\t\t\t\t\t<span class=\"elementor-button-content-wrapper\">\n\t\t\t\t\t\t\t\t\t<span class=\"elementor-button-text\">Details<\/span>\n\t\t\t\t\t<\/span>\n\t\t\t\t\t<\/a>\n\t\t\t\t\t\t\t\t<\/div>\n\t\t\t\t<\/div>\n\t\t\t\t<\/div>\n\t\t<div class=\"elementor-element elementor-element-2d2b055 e-con-full e-flex e-con e-child\" data-id=\"2d2b055\" data-element_type=\"container\" data-e-type=\"container\">\n\t\t<div class=\"elementor-element elementor-element-d9bf475 e-con-full e-flex e-con e-child\" data-id=\"d9bf475\" data-element_type=\"container\" data-e-type=\"container\">\n\t\t\t\t<div class=\"elementor-element elementor-element-b653aa8 elementor-widget elementor-widget-image\" data-id=\"b653aa8\" data-element_type=\"widget\" data-e-type=\"widget\" data-widget_type=\"image.default\">\n\t\t\t\t\t\t\t\t\t\t\t\t\t\t\t<img decoding=\"async\" width=\"1536\" height=\"1024\" src=\"https:\/\/www.melicom-group.com\/wp-content\/uploads\/2026\/01\/ChatGPT-Image-2026.-jan.-26.-18_16_43.png\" class=\"attachment-full size-full wp-image-107\" alt=\"\" srcset=\"https:\/\/www.melicom-group.com\/wp-content\/uploads\/2026\/01\/ChatGPT-Image-2026.-jan.-26.-18_16_43.png 1536w, https:\/\/www.melicom-group.com\/wp-content\/uploads\/2026\/01\/ChatGPT-Image-2026.-jan.-26.-18_16_43-300x200.png 300w, https:\/\/www.melicom-group.com\/wp-content\/uploads\/2026\/01\/ChatGPT-Image-2026.-jan.-26.-18_16_43-1024x683.png 1024w, https:\/\/www.melicom-group.com\/wp-content\/uploads\/2026\/01\/ChatGPT-Image-2026.-jan.-26.-18_16_43-768x512.png 768w\" sizes=\"(max-width: 1536px) 100vw, 1536px\" \/>\t\t\t\t\t\t\t\t\t\t\t\t\t\t\t<\/div>\n\t\t\t\t<\/div>\n\t\t<div class=\"elementor-element elementor-element-ed99a30 e-con-full e-flex e-con e-child\" data-id=\"ed99a30\" data-element_type=\"container\" data-e-type=\"container\">\n\t\t\t\t<div class=\"elementor-element elementor-element-8de0470 elementor-view-default elementor-position-block-start elementor-mobile-position-block-start elementor-widget elementor-widget-icon-box\" data-id=\"8de0470\" data-element_type=\"widget\" data-e-type=\"widget\" data-widget_type=\"icon-box.default\">\n\t\t\t\t\t\t\t<div class=\"elementor-icon-box-wrapper\">\n\n\t\t\t\t\t\t<div class=\"elementor-icon-box-icon\">\n\t\t\t\t<span  class=\"elementor-icon\">\n\t\t\t\t<svg aria-hidden=\"true\" class=\"e-font-icon-svg e-fas-puzzle-piece\" viewbox=\"0 0 576 512\" xmlns=\"http:\/\/www.w3.org\/2000\/svg\"><path d=\"M519.442 288.651c-41.519 0-59.5 31.593-82.058 31.593C377.409 320.244 432 144 432 144s-196.288 80-196.288-3.297c0-35.827 36.288-46.25 36.288-85.985C272 19.216 243.885 0 210.539 0c-34.654 0-66.366 18.891-66.366 56.346 0 41.364 31.711 59.277 31.711 81.75C175.885 207.719 0 166.758 0 166.758v333.237s178.635 41.047 178.635-28.662c0-22.473-40-40.107-40-81.471 0-37.456 29.25-56.346 63.577-56.346 33.673 0 61.788 19.216 61.788 54.717 0 39.735-36.288 50.158-36.288 85.985 0 60.803 129.675 25.73 181.23 25.73 0 0-34.725-120.101 25.827-120.101 35.962 0 46.423 36.152 86.308 36.152C556.712 416 576 387.99 576 354.443c0-34.199-18.962-65.792-56.558-65.792z\"><\/path><\/svg>\t\t\t\t<\/span>\n\t\t\t<\/div>\n\t\t\t\n\t\t\t\t\t\t<div class=\"elementor-icon-box-content\">\n\n\t\t\t\t\t\t\t\t\t<h3 class=\"elementor-icon-box-title\">\n\t\t\t\t\t\t<span  >\n\t\t\t\t\t\t\tEngineering positions\t\t\t\t\t\t<\/span>\n\t\t\t\t\t<\/h3>\n\t\t\t\t\n\t\t\t\t\t\t\t\t\t<p class=\"elementor-icon-box-description\">\n\t\t\t\t\t\tIT professionals, Engineers, Architects, Project engineers, Technical managers\t\t\t\t\t<\/p>\n\t\t\t\t\n\t\t\t<\/div>\n\t\t\t\n\t\t<\/div>\n\t\t\t\t\t\t<\/div>\n\t\t\t\t<div class=\"elementor-element elementor-element-f43b3cf elementor-widget elementor-widget-button\" data-id=\"f43b3cf\" data-element_type=\"widget\" data-e-type=\"widget\" data-widget_type=\"button.default\">\n\t\t\t\t\t\t\t\t\t\t<a class=\"elementor-button elementor-button-link elementor-size-sm\" href=\"#\">\n\t\t\t\t\t\t<span class=\"elementor-button-content-wrapper\">\n\t\t\t\t\t\t\t\t\t<span class=\"elementor-button-text\">Details<\/span>\n\t\t\t\t\t<\/span>\n\t\t\t\t\t<\/a>\n\t\t\t\t\t\t\t\t<\/div>\n\t\t\t\t<\/div>\n\t\t\t\t<\/div>\n\t\t\t\t\t<\/div>\n\t\t\t\t<\/div>\n\t\t\t\t<\/div>","protected":false},"excerpt":{"rendered":"<p>Munkak\u00f6r\u00f6k Sz\u00e9les k\u00f6r\u0171 munkaer\u0151-ell\u00e1t\u00e1s k\u00fcl\u00f6nb\u00f6z\u0151 szektorokban Ipari munkak\u00f6r\u00f6k Gy\u00e1ri oper\u00e1tor, G\u00e9pkezel\u0151, Betan\u00edtott munk\u00e1s, Seg\u00e9dmunk\u00e1s, Rakt\u00e1ri munkat\u00e1rs, Takar\u00edt\u00f3, Karbantart\u00f3 R\u00e9szletek \u00c9p\u00edt\u0151ipari munkak\u00f6r\u00f6k \u00c9p\u00edt\u0151ipari munk\u00e1s, K\u0151m\u0171ves, Burkol\u00f3, Fest\u0151, Darukezel\u0151, V\u00edz-, g\u00e1z-, f\u0171t\u00e9sszerel\u0151, Betonelemeket be\u00e9p\u00edt\u0151, Vasipari szerel\u0151 R\u00e9szletek M\u00e9rn\u00f6ki poz\u00edci\u00f3k IT szakemberek, M\u00e9rn\u00f6k\u00f6k, \u00c9p\u00edt\u00e9szm\u00e9rn\u00f6k\u00f6k, Projektm\u00e9rn\u00f6k\u00f6k, M\u0171szaki vezet\u0151k R\u00e9szletek<\/p>","protected":false},"author":1,"featured_media":0,"parent":0,"menu_order":0,"comment_status":"closed","ping_status":"closed","template":"elementor_header_footer","meta":{"footnotes":""},"class_list":["post-111","page","type-page","status-publish","hentry"],"_links":{"self":[{"href":"https:\/\/www.melicom-group.com\/en\/wp-json\/wp\/v2\/pages\/111","targetHints":{"allow":["GET"]}}],"collection":[{"href":"https:\/\/www.melicom-group.com\/en\/wp-json\/wp\/v2\/pages"}],"about":[{"href":"https:\/\/www.melicom-group.com\/en\/wp-json\/wp\/v2\/types\/page"}],"author":[{"embeddable":true,"href":"https:\/\/www.melicom-group.com\/en\/wp-json\/wp\/v2\/users\/1"}],"replies":[{"embeddable":true,"href":"https:\/\/www.melicom-group.com\/en\/wp-json\/wp\/v2\/comments?post=111"}],"version-history":[{"count":10,"href":"https:\/\/www.melicom-group.com\/en\/wp-json\/wp\/v2\/pages\/111\/revisions"}],"predecessor-version":[{"id":131,"href":"https:\/\/www.melicom-group.com\/en\/wp-json\/wp\/v2\/pages\/111\/revisions\/131"}],"wp:attachment":[{"href":"https:\/\/www.melicom-group.com\/en\/wp-json\/wp\/v2\/media?parent=111"}],"curies":[{"name":"wp","href":"https:\/\/api.w.org\/{rel}","templated":true}]}}