{"id":212,"date":"2026-01-29T08:09:23","date_gmt":"2026-01-29T07:09:23","guid":{"rendered":"https:\/\/www.melicom-group.com\/?page_id=212"},"modified":"2026-01-29T08:13:46","modified_gmt":"2026-01-29T07:13:46","slug":"jobangebote","status":"publish","type":"page","link":"https:\/\/www.melicom-group.com\/de\/munkalehetosegek\/","title":{"rendered":"Arbeitsm\u00f6glichkeiten"},"content":{"rendered":"<div data-elementor-type=\"wp-page\" data-elementor-id=\"212\" class=\"elementor elementor-212\" data-elementor-post-type=\"page\">\n\t\t\t\t<div class=\"elementor-element elementor-element-0fce821 e-flex e-con-boxed e-con e-parent\" data-id=\"0fce821\" data-element_type=\"container\" data-e-type=\"container\" data-settings=\"{&quot;background_background&quot;:&quot;classic&quot;}\">\n\t\t\t\t\t<div class=\"e-con-inner\">\n\t\t\t\t<div class=\"elementor-element elementor-element-16eb3ea elementor-widget elementor-widget-heading\" data-id=\"16eb3ea\" data-element_type=\"widget\" data-e-type=\"widget\" data-widget_type=\"heading.default\">\n\t\t\t\t\t<h2 class=\"elementor-heading-title elementor-size-default\">Arbeitsm\u00f6glichkeiten<\/h2>\t\t\t\t<\/div>\n\t\t\t\t<div class=\"elementor-element elementor-element-9a795d0 elementor-widget elementor-widget-text-editor\" data-id=\"9a795d0\" data-element_type=\"widget\" data-e-type=\"widget\" data-widget_type=\"text-editor.default\">\n\t\t\t\t\t\t\t\t\t<p>Breites Arbeitskr\u00e4fteangebot in verschiedenen Sektoren<\/p>\t\t\t\t\t\t\t\t<\/div>\n\t\t\t\t\t<\/div>\n\t\t\t\t<\/div>\n\t\t<div class=\"elementor-element elementor-element-7e2a5f5 e-flex e-con-boxed e-con e-parent\" data-id=\"7e2a5f5\" data-element_type=\"container\" data-e-type=\"container\">\n\t\t\t\t\t<div class=\"e-con-inner\">\n\t\t<div class=\"elementor-element elementor-element-78c5614 e-con-full e-flex e-con e-child\" data-id=\"78c5614\" data-element_type=\"container\" data-e-type=\"container\">\n\t\t\t\t<div class=\"elementor-element elementor-element-e8029f9 elementor-widget__width-inherit elementor-widget elementor-widget-shortcode\" data-id=\"e8029f9\" data-element_type=\"widget\" data-e-type=\"widget\" data-widget_type=\"shortcode.default\">\n\t\t\t\t\t\t\t<div class=\"elementor-shortcode\"><div class=\"job_listings\" data-location=\"\" data-keywords=\"\" data-show_filters=\"true\" data-show_pagination=\"true\" data-per_page=\"10\" data-orderby=\"featured\" data-order=\"DESC\" data-categories=\"\" data-disable-form-state-storage=\"\" data-featured_first=\"false\" data-post_id=\"212\" >\n<form class=\"job_filters\" action=\"\">\n\t\n\t<div class=\"search_jobs\">\n\t\t\n\t\t<div class=\"search_keywords\">\n\t\t\t<label for=\"search_keywords\">Schl\u00fcsselw\u00f6rter<\/label>\n\t\t\t<input type=\"text\" name=\"search_keywords\" id=\"search_keywords\" placeholder=\"Schl\u00fcsselw\u00f6rter\" value=\"\" \/>\n\t\t<\/div>\n\n\t\t<div class=\"search_location\">\n\t\t\t<label for=\"search_location\">Ort der Arbeit<\/label>\n\t\t\t<input type=\"text\" name=\"search_location\" id=\"search_location\" placeholder=\"Ort der Arbeit\" value=\"\" \/>\n\t\t<\/div>\n\n\t\t\t\t\t<div class=\"search_remote_position\">\n\t\t\t\t<input type=\"checkbox\" class=\"input-checkbox\" name=\"remote_position\" id=\"remote_position\" placeholder=\"Ort der Arbeit\" value=\"1\"  \/>\n\t\t\t\t<label for=\"remote_position\" id=\"remote_position_label\">Nur entfernte Stellen<\/label>\n\t\t\t<\/div>\n\t\t\n\t\t<div style=\"clear: both\"><\/div>\n\n\t\t\n\t\t\t\t\t<div class=\"search_submit\">\n\t\t\t\t<input type=\"submit\" value=\"Jobs finden\">\n\t\t\t<\/div>\n\t\t\n\t\t\t<\/div>\n\n\t\t<ul class=\"job_types\">\n\t\t\t\t\t<li><label for=\"job_type_epitoipar\" class=\"epitoipari-munkakorok\"><input type=\"checkbox\" name=\"filter_job_type[]\" value=\"epitoipar\"  checked='checked' id=\"job_type_epitoipar\" \/> Arbeitspl\u00e4tze im Baugewerbe<\/label><\/li>\n\t\t\t\t\t<li><label for=\"job_type_ipari-munka\" class=\"ipari-munkakorok\"><input type=\"checkbox\" name=\"filter_job_type[]\" value=\"ipari-munka\"  checked='checked' id=\"job_type_ipari-munka\" \/> Industrielle Arbeitspl\u00e4tze<\/label><\/li>\n\t\t\t\t\t<li><label for=\"job_type_mernok\" class=\"mernoki-poziciok\"><input type=\"checkbox\" name=\"filter_job_type[]\" value=\"mernok\"  checked='checked' id=\"job_type_mernok\" \/> Technische Positionen<\/label><\/li>\n\t\t\t<\/ul>\n\t<input type=\"hidden\" name=\"filter_job_type[]\" value=\"\" \/>\n<div class=\"showing_jobs\"><\/div><input type=\"hidden\" name=\"trp-form-language\" value=\"de\"\/><\/form>\n\n\n<noscript>Ihr Browser unterst\u00fctzt kein JavaScript oder es ist deaktiviert. JavaScript muss aktiviert sein, um Eintr\u00e4ge zu sehen.<\/noscript>\n<ul class=\"job_listings\">\n<\/ul>\n<\/div><\/div>\n\t\t\t\t\t\t<\/div>\n\t\t\t\t<\/div>\n\t\t\t\t\t<\/div>\n\t\t\t\t<\/div>\n\t\t\t\t<\/div>","protected":false},"excerpt":{"rendered":"<p>Munkalehet\u0151s\u00e9gek Sz\u00e9les k\u00f6r\u0171 munkaer\u0151-ell\u00e1t\u00e1s k\u00fcl\u00f6nb\u00f6z\u0151 szektorokban<\/p>","protected":false},"author":2,"featured_media":0,"parent":0,"menu_order":0,"comment_status":"closed","ping_status":"closed","template":"elementor_header_footer","meta":{"footnotes":""},"class_list":["post-212","page","type-page","status-publish","hentry"],"_links":{"self":[{"href":"https:\/\/www.melicom-group.com\/de\/wp-json\/wp\/v2\/pages\/212","targetHints":{"allow":["GET"]}}],"collection":[{"href":"https:\/\/www.melicom-group.com\/de\/wp-json\/wp\/v2\/pages"}],"about":[{"href":"https:\/\/www.melicom-group.com\/de\/wp-json\/wp\/v2\/types\/page"}],"author":[{"embeddable":true,"href":"https:\/\/www.melicom-group.com\/de\/wp-json\/wp\/v2\/users\/2"}],"replies":[{"embeddable":true,"href":"https:\/\/www.melicom-group.com\/de\/wp-json\/wp\/v2\/comments?post=212"}],"version-history":[{"count":4,"href":"https:\/\/www.melicom-group.com\/de\/wp-json\/wp\/v2\/pages\/212\/revisions"}],"predecessor-version":[{"id":216,"href":"https:\/\/www.melicom-group.com\/de\/wp-json\/wp\/v2\/pages\/212\/revisions\/216"}],"wp:attachment":[{"href":"https:\/\/www.melicom-group.com\/de\/wp-json\/wp\/v2\/media?parent=212"}],"curies":[{"name":"wp","href":"https:\/\/api.w.org\/{rel}","templated":true}]}}